{"id":686,"date":"2023-01-10T17:11:57","date_gmt":"2023-01-10T17:11:57","guid":{"rendered":"https:\/\/andaluzae.com\/privacy-policy\/"},"modified":"2023-11-08T11:02:20","modified_gmt":"2023-11-08T10:02:20","slug":"privacy-policy","status":"publish","type":"page","link":"https:\/\/andaluzae.com\/fr\/privacy-policy\/","title":{"rendered":"Pol\u00edtica de Privacidad"},"content":{"rendered":"<section  class='av_textblock_section av-lopl1tww-ff114b3e9082e59b1e2dbacc794d855a'  itemscope=\"itemscope\" itemtype=\"https:\/\/schema.org\/CreativeWork\" ><div class='avia_textblock'  itemprop=\"text\" ><p>POL\u00cdTICA DE PRIVACIDAD PARA EL SITIO WEB ANDALUZAE.COM<\/p>\n<ol>\n<li>RESPONSABLE DEL TRATAMIENTO DE LOS DATOS PERSONALES<\/li>\n<\/ol>\n<p>El responsable del tratamiento de los datos personales recogidos a trav\u00e9s del sitio web https:\/\/andaluzae.com\/ es <strong>Llumbalear1721, S.L.<\/strong> , con <strong>CIF B-05452065<\/strong> y domicilio en <b>Av Andaluc\u00eda\u00a052, local superior, 29680 Estepona (M\u00e1laga)<\/b>.<\/p>\n<ol>\n<li>DATOS PERSONALES RECOGIDOS A TRAV\u00c9S DEL SITIO WEB<\/li>\n<\/ol>\n<p>Los datos personales que se recogen a trav\u00e9s del sitio web son los siguientes:<\/p>\n<ul>\n<li>Nombre y apellidos<\/li>\n<li>Direcci\u00f3n de correo electr\u00f3nico<\/li>\n<li>N\u00famero de tel\u00e9fono<\/li>\n<li>Direcci\u00f3n postal<\/li>\n<li>Informaci\u00f3n sobre el veh\u00edculo de inter\u00e9s<\/li>\n<li>Informaci\u00f3n de navegaci\u00f3n y uso del sitio web a trav\u00e9s de cookies y tecnolog\u00edas similares<\/li>\n<\/ul>\n<ol>\n<li>FINALIDAD DEL TRATAMIENTO DE LOS DATOS PERSONALES<\/li>\n<\/ol>\n<p>Los datos personales recogidos a trav\u00e9s del sitio web se tratan con las siguientes finalidades:<\/p>\n<ul>\n<li>Gestionar las solicitudes de informaci\u00f3n, reservas y\/o presupuestos de los usuarios.<\/li>\n<li>Contactar con los usuarios para dar respuesta a sus solicitudes y consultas.<\/li>\n<li>Realizar encuestas de satisfacci\u00f3n y estudios de mercado para mejorar nuestros servicios.<\/li>\n<li>Enviar comunicaciones comerciales por medios electr\u00f3nicos y\/o convencionales (correo postal, tel\u00e9fono, correo electr\u00f3nico, SMS) sobre nuestros productos y servicios, siempre y cuando se haya otorgado el consentimiento expreso para ello.<\/li>\n<\/ul>\n<ol>\n<li>BASES LEGALES DEL TRATAMIENTO DE LOS DATOS PERSONALES<\/li>\n<\/ol>\n<p>La base legal para el tratamiento de los datos personales recogidos a trav\u00e9s del sitio web es la siguiente:<\/p>\n<ul>\n<li>El consentimiento expreso del usuario para el tratamiento de sus datos personales con las finalidades descritas anteriormente.<\/li>\n<\/ul>\n<ol>\n<li>PLAZO DE CONSERVACI\u00d3N DE LOS DATOS PERSONALES<\/li>\n<\/ol>\n<p>Los datos personales se conservar\u00e1n durante el tiempo necesario para cumplir con las finalidades para las que se recopilaron y para determinar las posibles responsabilidades que se pudieran derivar de dicha finalidad y del tratamiento de los datos. En todo caso, se conservar\u00e1n durante el plazo m\u00e1ximo de cinco a\u00f1os.<\/p>\n<ol>\n<li>DESTINATARIOS DE LOS DATOS PERSONALES<\/li>\n<\/ol>\n<p>Los datos personales recogidos a trav\u00e9s del sitio web no se ceder\u00e1n a terceros salvo que exista una obligaci\u00f3n legal para hacerlo.<\/p>\n<ol>\n<li>TRANSFERENCIAS INTERNACIONALES DE DATOS PERSONALES<\/li>\n<\/ol>\n<p>No se prev\u00e9n transferencias internacionales de datos personales.<\/p>\n<ol>\n<li>DERECHOS DE LOS USUARIOS EN RELACI\u00d3N CON SUS DATOS PERSONALES<\/li>\n<\/ol>\n<p>Los usuarios pueden ejercer los siguientes derechos en relaci\u00f3n con sus datos personales:<\/p>\n<ul>\n<li>Derecho a solicitar el acceso a sus datos personales.<\/li>\n<li>Derecho a solicitar la rectificaci\u00f3n o supresi\u00f3n de sus datos personales.<\/li>\n<li>Derecho a solicitar la limitaci\u00f3n del tratamiento de sus datos personales.<\/li>\n<li>Derecho a oponerse al tratamiento de sus datos personales.<\/li>\n<li>Derecho a la portabilidad de los datos.<\/li>\n<li>Derecho a retirar el consentimiento en cualquier momento, sin que ello afecte a la licitud del tratamiento basado en el consentimiento previo a su retirada.<\/li>\n<li>Derecho a presentar una reclamaci\u00f3n ante la Agencia Espa\u00f1ola de Protecci\u00f3n de Datos (<a href=\"http:\/\/www.aepd.es\">www.aepd.es<\/a>) si considera que el tratamiento no se ajusta a la normativa vigente.<\/li>\n<\/ul>\n<p>Para ejercer estos derechos, los usuarios pueden enviar una solicitud por escrito a la direcci\u00f3n de correo electr\u00f3nico info@andaluzae.com<br \/>\no a la direcci\u00f3n postal Av Andaluc\u00eda 52, local superior, 29680 Estepona (M\u00e1laga), indicando el derecho que desean ejercer y adjuntando una copia de su documento de identidad.<\/p>\n<ol>\n<li>MEDIDAS DE SEGURIDAD<\/li>\n<\/ol>\n<p>Llumbalear1721, S.L. se compromete a proteger la privacidad de los datos personales de los usuarios. Para ello, ha adoptado las medidas de seguridad necesarias para garantizar la confidencialidad de los datos personales y evitar su alteraci\u00f3n, p\u00e9rdida, tratamiento o acceso no autorizado, habida cuenta del estado de la tecnolog\u00eda, la naturaleza de los datos almacenados y los riesgos a que est\u00e1n expuestos.<\/p>\n<ol>\n<li>MODIFICACIONES DE LA POL\u00cdTICA DE PRIVACIDAD<\/li>\n<\/ol>\n<p>Llumbalear1721, S.L. se reserva el derecho a modificar su pol\u00edtica de privacidad de acuerdo con su criterio, o a causa de un cambio legislativo, jurisprudencial o en la pr\u00e1ctica empresarial. Si Llumbalear1721, S.L. introdujera alguna modificaci\u00f3n, el nuevo texto ser\u00e1 publicado en esta misma p\u00e1gina, donde el usuario podr\u00e1 tener conocimiento de la pol\u00edtica de privacidad actualizada.<\/p>\n<p>Si los cambios introducidos fueran significativos, Llumbalear1721, S.L. informar\u00e1 a los usuarios mediante una comunicaci\u00f3n electr\u00f3nica (enviada a la direcci\u00f3n de correo electr\u00f3nico registrada) o mediante un aviso en su sitio web.<\/p>\n<\/div><\/section>\n","protected":false},"excerpt":{"rendered":"","protected":false},"author":2,"featured_media":0,"parent":0,"menu_order":0,"comment_status":"closed","ping_status":"open","template":"","meta":{"_joinchat":[],"footnotes":""},"class_list":["post-686","page","type-page","status-publish","hentry"],"yoast_head":"<!-- This site is optimized with the Yoast SEO plugin v27.4 - https:\/\/yoast.com\/product\/yoast-seo-wordpress\/ -->\n<title>Pol\u00edtica de Privacidad - ANDALUZ<\/title>\n<meta name=\"robots\" content=\"index, follow, max-snippet:-1, max-image-preview:large, max-video-preview:-1\" \/>\n<link rel=\"canonical\" href=\"https:\/\/andaluzae.com\/fr\/privacy-policy\/\" \/>\n<meta property=\"og:locale\" content=\"fr_FR\" \/>\n<meta property=\"og:type\" content=\"article\" \/>\n<meta property=\"og:title\" content=\"Pol\u00edtica de Privacidad - ANDALUZ\" \/>\n<meta property=\"og:url\" content=\"https:\/\/andaluzae.com\/fr\/privacy-policy\/\" \/>\n<meta property=\"og:site_name\" content=\"ANDALUZ\" \/>\n<meta property=\"article:modified_time\" content=\"2023-11-08T10:02:20+00:00\" \/>\n<meta name=\"twitter:card\" content=\"summary_large_image\" \/>\n<meta name=\"twitter:label1\" content=\"Dur\u00e9e de lecture estim\u00e9e\" \/>\n\t<meta name=\"twitter:data1\" content=\"4 minutes\" \/>\n<script type=\"application\/ld+json\" class=\"yoast-schema-graph\">{\"@context\":\"https:\\\/\\\/schema.org\",\"@graph\":[{\"@type\":\"WebPage\",\"@id\":\"https:\\\/\\\/andaluzae.com\\\/fr\\\/privacy-policy\\\/\",\"url\":\"https:\\\/\\\/andaluzae.com\\\/fr\\\/privacy-policy\\\/\",\"name\":\"Pol\u00edtica de Privacidad - ANDALUZ\",\"isPartOf\":{\"@id\":\"https:\\\/\\\/andaluzae.com\\\/fr\\\/#website\"},\"datePublished\":\"2023-01-10T17:11:57+00:00\",\"dateModified\":\"2023-11-08T10:02:20+00:00\",\"breadcrumb\":{\"@id\":\"https:\\\/\\\/andaluzae.com\\\/fr\\\/privacy-policy\\\/#breadcrumb\"},\"inLanguage\":\"fr-FR\",\"potentialAction\":[{\"@type\":\"ReadAction\",\"target\":[\"https:\\\/\\\/andaluzae.com\\\/fr\\\/privacy-policy\\\/\"]}]},{\"@type\":\"BreadcrumbList\",\"@id\":\"https:\\\/\\\/andaluzae.com\\\/fr\\\/privacy-policy\\\/#breadcrumb\",\"itemListElement\":[{\"@type\":\"ListItem\",\"position\":1,\"name\":\"Portada\",\"item\":\"https:\\\/\\\/andaluzae.com\\\/fr\\\/\"},{\"@type\":\"ListItem\",\"position\":2,\"name\":\"Pol\u00edtica de Privacidad\"}]},{\"@type\":\"WebSite\",\"@id\":\"https:\\\/\\\/andaluzae.com\\\/fr\\\/#website\",\"url\":\"https:\\\/\\\/andaluzae.com\\\/fr\\\/\",\"name\":\"ANDALUZ\",\"description\":\"ASESORIA ENERGETICA\",\"potentialAction\":[{\"@type\":\"SearchAction\",\"target\":{\"@type\":\"EntryPoint\",\"urlTemplate\":\"https:\\\/\\\/andaluzae.com\\\/fr\\\/?s={search_term_string}\"},\"query-input\":{\"@type\":\"PropertyValueSpecification\",\"valueRequired\":true,\"valueName\":\"search_term_string\"}}],\"inLanguage\":\"fr-FR\"}]}<\/script>\n<!-- \/ Yoast SEO plugin. -->","yoast_head_json":{"title":"Pol\u00edtica de Privacidad - ANDALUZ","robots":{"index":"index","follow":"follow","max-snippet":"max-snippet:-1","max-image-preview":"max-image-preview:large","max-video-preview":"max-video-preview:-1"},"canonical":"https:\/\/andaluzae.com\/fr\/privacy-policy\/","og_locale":"fr_FR","og_type":"article","og_title":"Pol\u00edtica de Privacidad - ANDALUZ","og_url":"https:\/\/andaluzae.com\/fr\/privacy-policy\/","og_site_name":"ANDALUZ","article_modified_time":"2023-11-08T10:02:20+00:00","twitter_card":"summary_large_image","twitter_misc":{"Dur\u00e9e de lecture estim\u00e9e":"4 minutes"},"schema":{"@context":"https:\/\/schema.org","@graph":[{"@type":"WebPage","@id":"https:\/\/andaluzae.com\/fr\/privacy-policy\/","url":"https:\/\/andaluzae.com\/fr\/privacy-policy\/","name":"Pol\u00edtica de Privacidad - ANDALUZ","isPartOf":{"@id":"https:\/\/andaluzae.com\/fr\/#website"},"datePublished":"2023-01-10T17:11:57+00:00","dateModified":"2023-11-08T10:02:20+00:00","breadcrumb":{"@id":"https:\/\/andaluzae.com\/fr\/privacy-policy\/#breadcrumb"},"inLanguage":"fr-FR","potentialAction":[{"@type":"ReadAction","target":["https:\/\/andaluzae.com\/fr\/privacy-policy\/"]}]},{"@type":"BreadcrumbList","@id":"https:\/\/andaluzae.com\/fr\/privacy-policy\/#breadcrumb","itemListElement":[{"@type":"ListItem","position":1,"name":"Portada","item":"https:\/\/andaluzae.com\/fr\/"},{"@type":"ListItem","position":2,"name":"Pol\u00edtica de Privacidad"}]},{"@type":"WebSite","@id":"https:\/\/andaluzae.com\/fr\/#website","url":"https:\/\/andaluzae.com\/fr\/","name":"ANDALUZ","description":"ASESORIA ENERGETICA","potentialAction":[{"@type":"SearchAction","target":{"@type":"EntryPoint","urlTemplate":"https:\/\/andaluzae.com\/fr\/?s={search_term_string}"},"query-input":{"@type":"PropertyValueSpecification","valueRequired":true,"valueName":"search_term_string"}}],"inLanguage":"fr-FR"}]}},"_links":{"self":[{"href":"https:\/\/andaluzae.com\/fr\/wp-json\/wp\/v2\/pages\/686","targetHints":{"allow":["GET"]}}],"collection":[{"href":"https:\/\/andaluzae.com\/fr\/wp-json\/wp\/v2\/pages"}],"about":[{"href":"https:\/\/andaluzae.com\/fr\/wp-json\/wp\/v2\/types\/page"}],"author":[{"embeddable":true,"href":"https:\/\/andaluzae.com\/fr\/wp-json\/wp\/v2\/users\/2"}],"replies":[{"embeddable":true,"href":"https:\/\/andaluzae.com\/fr\/wp-json\/wp\/v2\/comments?post=686"}],"version-history":[{"count":1,"href":"https:\/\/andaluzae.com\/fr\/wp-json\/wp\/v2\/pages\/686\/revisions"}],"predecessor-version":[{"id":687,"href":"https:\/\/andaluzae.com\/fr\/wp-json\/wp\/v2\/pages\/686\/revisions\/687"}],"wp:attachment":[{"href":"https:\/\/andaluzae.com\/fr\/wp-json\/wp\/v2\/media?parent=686"}],"curies":[{"name":"wp","href":"https:\/\/api.w.org\/{rel}","templated":true}]}}