{"id":638,"date":"2023-01-18T18:45:08","date_gmt":"2023-01-18T17:45:08","guid":{"rendered":"https:\/\/andaluzae.com\/contacta\/"},"modified":"2025-01-23T10:50:12","modified_gmt":"2025-01-23T09:50:12","slug":"contactez-nous","status":"publish","type":"page","link":"https:\/\/andaluzae.com\/fr\/contactez-nous\/","title":{"rendered":"CONTACTEZ NOUS"},"content":{"rendered":"\n<style type=\"text\/css\" data-created_by=\"avia_inline_auto\" id=\"style-css-av-1wjnt8-e69c63e68c9c84c26aa3c64c5f3205aa\">\n#top .av-special-heading.av-1wjnt8-e69c63e68c9c84c26aa3c64c5f3205aa{\npadding-bottom:0;\ncolor:#00346c;\nfont-size:40px;\n}\nbody .av-special-heading.av-1wjnt8-e69c63e68c9c84c26aa3c64c5f3205aa .av-special-heading-tag .heading-char{\nfont-size:25px;\n}\n#top #wrap_all .av-special-heading.av-1wjnt8-e69c63e68c9c84c26aa3c64c5f3205aa .av-special-heading-tag{\nfont-size:40px;\n}\n.av-special-heading.av-1wjnt8-e69c63e68c9c84c26aa3c64c5f3205aa .special-heading-inner-border{\nborder-color:#00346c;\n}\n.av-special-heading.av-1wjnt8-e69c63e68c9c84c26aa3c64c5f3205aa .av-subheading{\nfont-size:15px;\n}\n\n@media only screen and (min-width: 480px) and (max-width: 767px){ \n#top #wrap_all .av-special-heading.av-1wjnt8-e69c63e68c9c84c26aa3c64c5f3205aa .av-special-heading-tag{\nfont-size:0.8em;\n}\n}\n\n@media only screen and (max-width: 479px){ \n#top #wrap_all .av-special-heading.av-1wjnt8-e69c63e68c9c84c26aa3c64c5f3205aa .av-special-heading-tag{\nfont-size:0.8em;\n}\n}\n<\/style>\n<div  class='av-special-heading av-1wjnt8-e69c63e68c9c84c26aa3c64c5f3205aa av-special-heading-h1 custom-color-heading blockquote modern-quote  avia-builder-el-0  el_before_av_section  avia-builder-el-no-sibling  av-inherit-size'><h1 class='av-special-heading-tag'  itemprop=\"headline\"  >CONTACTEZ NOUS<\/h1><div class=\"special-heading-border\"><div class=\"special-heading-inner-border\"><\/div><\/div><\/div>\n<\/div><\/div><\/div><!-- close content main div --><\/div><\/div><div id='contacta'  class='avia-section av-lcyqae2k-21000daf1e58cd88fb1204f394bb1448 main_color avia-section-default avia-no-border-styling  avia-builder-el-1  el_after_av_heading  avia-builder-el-last  avia-bg-style-scroll container_wrap fullsize'  ><div class='container av-section-cont-open' ><div class='template-page content  av-content-full alpha units'><div class='post-entry post-entry-type-page post-entry-638'><div class='entry-content-wrapper clearfix'>\n<div class='flex_column av-9cdqc-b31700c3027c206ff5445be6ccf3378b av_three_fifth  avia-builder-el-2  el_before_av_two_fifth  avia-builder-el-first  first flex_column_div '     ><p><form action=\"https:\/\/andaluzae.com\/fr\/contactez-nous\/\" method=\"post\"  class=\"avia_ajax_form av-form-labels-hidden   avia-builder-el-3  el_before_av_textblock  avia-builder-el-first   \" data-avia-form-id=\"1\" data-avia-redirect='' ><fieldset><p class='  first_form  form_element form_fullwidth' id='element_avia_1_1'><label for=\"avia_1_1\">Nom <abbr class=\"required\" title=\"requis(e)\">*<\/abbr><\/label> <input name=\"avia_1_1\" class=\"text_input is_empty\" type=\"text\" id=\"avia_1_1\" value=\"\"  placeholder='Nom*'\/><\/p><p class='  first_form  form_element form_fullwidth' id='element_avia_2_1'><label for=\"avia_2_1\">E-Mail <abbr class=\"required\" title=\"requis(e)\">*<\/abbr><\/label> <input name=\"avia_2_1\" class=\"text_input is_email\" type=\"text\" id=\"avia_2_1\" value=\"\"  placeholder='E-Mail*'\/><\/p><p class='  first_form  form_element form_fullwidth' id='element_avia_3_1'><label for=\"avia_3_1\" class=\"textare_label hidden textare_label_avia_3_1\">Mensaje <abbr class=\"required\" title=\"requis(e)\">*<\/abbr><\/label><textarea  placeholder='Mensaje*' name=\"avia_3_1\" class=\"text_area is_empty\" cols=\"40\" rows=\"7\" id=\"avia_3_1\" ><\/textarea><\/p><p class=\"hidden\"><input type=\"text\" name=\"avia_4_1\" class=\"hidden \" id=\"avia_4_1\" value=\"\" \/><\/p><p class='   form_element form_fullwidth' id='element_avia_5_1'><span class='value_verifier_label'>3 + 1 = ?<\/span><input name=\"avia_5_1_verifier\" type=\"hidden\" id=\"avia_5_1_verifier\" value=\"446414883\"\/><label for=\"avia_5_1\">Merci de prouver que vous \u00eates un humain en donnant le r\u00e9sultat de cette op\u00e9ration <abbr class=\"required\" title=\"requis(e)\">*<\/abbr><\/label><input name=\"avia_5_1\" class=\"text_input captcha\" type=\"text\" id=\"avia_5_1\" value=\"\"\/><\/p><p class=\"form_element \"><input type=\"hidden\" value=\"1\" name=\"avia_generated_form1\" \/><input type=\"submit\" value=\"Enviar\" class=\"button\"  data-sending-label=\"Envoi\"\/><\/p><\/fieldset><\/form><div id=\"ajaxresponse_1\" class=\"ajaxresponse ajaxresponse_1 hidden\"><\/div><br \/>\n<section  class='av_textblock_section av-m693pyht-aa46a204d03e32fe9e8d377e9f9a3d7d'  itemscope=\"itemscope\" itemtype=\"https:\/\/schema.org\/CreativeWork\" ><div class='avia_textblock'  itemprop=\"text\" ><p><iframe loading=\"lazy\" style=\"border: 0;\" src=\"https:\/\/www.google.com\/maps\/embed?pb=!1m18!1m12!1m3!1d3210.1813098801563!2d-5.152473510864375!3d36.4289983172679!2m3!1f0!2f0!3f0!3m2!1i1024!2i768!4f13.1!3m3!1m2!1s0xd0cd50e966d67b7%3A0x2f2bdb0533beb4ef!2sAnda%20Luz%20Asesor%C3%ADa%20Energ%C3%A9tica!5e0!3m2!1ses!2ses!4v1737464584274!5m2!1ses!2ses\" width=\"100%\" height=\"350\" allowfullscreen=\"allowfullscreen\"><\/iframe><\/p>\n<\/div><\/section><\/p><\/div><div class='flex_column av-balic-1f04cf6bb9816f5132dcaf1b38602ec9 av_two_fifth  avia-builder-el-5  el_after_av_three_fifth  avia-builder-el-last  flex_column_div '     ><style type=\"text\/css\" data-created_by=\"avia_inline_auto\" id=\"style-css-av-stz0-5cc2b41eb1c694dc4bbd69826d992866\">\n#top .av_textblock_section.av-stz0-5cc2b41eb1c694dc4bbd69826d992866 .avia_textblock{\n-webkit-column-count:2;\n-moz-column-count:2;\ncolumn-count:2;\n}\n<\/style>\n<section  class='av_textblock_section av-stz0-5cc2b41eb1c694dc4bbd69826d992866'  itemscope=\"itemscope\" itemtype=\"https:\/\/schema.org\/CreativeWork\" ><div class='avia_textblock av_multi_colums av_inherit_color'  itemprop=\"text\" ><h2>Contactez nous<\/h2>\n<p>+34\u00a0688 793 829<\/p>\n<p><a href=\"mailto:info@andaluzae.com\">info@andaluzae.com<\/a><\/p>\n<h2>Adresse<\/h2>\n<p>C\/ Valladolid n. 20<br \/>\nEstepona. 29680<br \/>\nM\u00e1laga<\/p>\n<h2><\/h2>\n<\/div><\/section><\/div>\n","protected":false},"excerpt":{"rendered":"","protected":false},"author":2,"featured_media":0,"parent":0,"menu_order":0,"comment_status":"closed","ping_status":"closed","template":"","meta":{"_joinchat":[],"footnotes":""},"class_list":["post-638","page","type-page","status-publish","hentry"],"yoast_head":"<!-- This site is optimized with the Yoast SEO plugin v27.4 - https:\/\/yoast.com\/product\/yoast-seo-wordpress\/ -->\n<title>CONTACTEZ NOUS - ANDALUZ<\/title>\n<meta name=\"robots\" content=\"index, follow, max-snippet:-1, max-image-preview:large, max-video-preview:-1\" \/>\n<link rel=\"canonical\" href=\"https:\/\/andaluzae.com\/fr\/contactez-nous\/\" \/>\n<meta property=\"og:locale\" content=\"fr_FR\" \/>\n<meta property=\"og:type\" content=\"article\" \/>\n<meta property=\"og:title\" content=\"CONTACTEZ NOUS - ANDALUZ\" \/>\n<meta property=\"og:url\" content=\"https:\/\/andaluzae.com\/fr\/contactez-nous\/\" \/>\n<meta property=\"og:site_name\" content=\"ANDALUZ\" \/>\n<meta property=\"article:modified_time\" content=\"2025-01-23T09:50:12+00:00\" \/>\n<meta name=\"twitter:card\" content=\"summary_large_image\" \/>\n<meta name=\"twitter:label1\" content=\"Dur\u00e9e de lecture estim\u00e9e\" \/>\n\t<meta name=\"twitter:data1\" content=\"8 minutes\" \/>\n<script type=\"application\/ld+json\" class=\"yoast-schema-graph\">{\"@context\":\"https:\\\/\\\/schema.org\",\"@graph\":[{\"@type\":\"WebPage\",\"@id\":\"https:\\\/\\\/andaluzae.com\\\/fr\\\/contactez-nous\\\/\",\"url\":\"https:\\\/\\\/andaluzae.com\\\/fr\\\/contactez-nous\\\/\",\"name\":\"CONTACTEZ NOUS - ANDALUZ\",\"isPartOf\":{\"@id\":\"https:\\\/\\\/andaluzae.com\\\/fr\\\/#website\"},\"datePublished\":\"2023-01-18T17:45:08+00:00\",\"dateModified\":\"2025-01-23T09:50:12+00:00\",\"breadcrumb\":{\"@id\":\"https:\\\/\\\/andaluzae.com\\\/fr\\\/contactez-nous\\\/#breadcrumb\"},\"inLanguage\":\"fr-FR\",\"potentialAction\":[{\"@type\":\"ReadAction\",\"target\":[\"https:\\\/\\\/andaluzae.com\\\/fr\\\/contactez-nous\\\/\"]}]},{\"@type\":\"BreadcrumbList\",\"@id\":\"https:\\\/\\\/andaluzae.com\\\/fr\\\/contactez-nous\\\/#breadcrumb\",\"itemListElement\":[{\"@type\":\"ListItem\",\"position\":1,\"name\":\"Portada\",\"item\":\"https:\\\/\\\/andaluzae.com\\\/fr\\\/\"},{\"@type\":\"ListItem\",\"position\":2,\"name\":\"CONTACTEZ NOUS\"}]},{\"@type\":\"WebSite\",\"@id\":\"https:\\\/\\\/andaluzae.com\\\/fr\\\/#website\",\"url\":\"https:\\\/\\\/andaluzae.com\\\/fr\\\/\",\"name\":\"ANDALUZ\",\"description\":\"ASESORIA ENERGETICA\",\"potentialAction\":[{\"@type\":\"SearchAction\",\"target\":{\"@type\":\"EntryPoint\",\"urlTemplate\":\"https:\\\/\\\/andaluzae.com\\\/fr\\\/?s={search_term_string}\"},\"query-input\":{\"@type\":\"PropertyValueSpecification\",\"valueRequired\":true,\"valueName\":\"search_term_string\"}}],\"inLanguage\":\"fr-FR\"}]}<\/script>\n<!-- \/ Yoast SEO plugin. -->","yoast_head_json":{"title":"CONTACTEZ NOUS - ANDALUZ","robots":{"index":"index","follow":"follow","max-snippet":"max-snippet:-1","max-image-preview":"max-image-preview:large","max-video-preview":"max-video-preview:-1"},"canonical":"https:\/\/andaluzae.com\/fr\/contactez-nous\/","og_locale":"fr_FR","og_type":"article","og_title":"CONTACTEZ NOUS - ANDALUZ","og_url":"https:\/\/andaluzae.com\/fr\/contactez-nous\/","og_site_name":"ANDALUZ","article_modified_time":"2025-01-23T09:50:12+00:00","twitter_card":"summary_large_image","twitter_misc":{"Dur\u00e9e de lecture estim\u00e9e":"8 minutes"},"schema":{"@context":"https:\/\/schema.org","@graph":[{"@type":"WebPage","@id":"https:\/\/andaluzae.com\/fr\/contactez-nous\/","url":"https:\/\/andaluzae.com\/fr\/contactez-nous\/","name":"CONTACTEZ NOUS - ANDALUZ","isPartOf":{"@id":"https:\/\/andaluzae.com\/fr\/#website"},"datePublished":"2023-01-18T17:45:08+00:00","dateModified":"2025-01-23T09:50:12+00:00","breadcrumb":{"@id":"https:\/\/andaluzae.com\/fr\/contactez-nous\/#breadcrumb"},"inLanguage":"fr-FR","potentialAction":[{"@type":"ReadAction","target":["https:\/\/andaluzae.com\/fr\/contactez-nous\/"]}]},{"@type":"BreadcrumbList","@id":"https:\/\/andaluzae.com\/fr\/contactez-nous\/#breadcrumb","itemListElement":[{"@type":"ListItem","position":1,"name":"Portada","item":"https:\/\/andaluzae.com\/fr\/"},{"@type":"ListItem","position":2,"name":"CONTACTEZ NOUS"}]},{"@type":"WebSite","@id":"https:\/\/andaluzae.com\/fr\/#website","url":"https:\/\/andaluzae.com\/fr\/","name":"ANDALUZ","description":"ASESORIA ENERGETICA","potentialAction":[{"@type":"SearchAction","target":{"@type":"EntryPoint","urlTemplate":"https:\/\/andaluzae.com\/fr\/?s={search_term_string}"},"query-input":{"@type":"PropertyValueSpecification","valueRequired":true,"valueName":"search_term_string"}}],"inLanguage":"fr-FR"}]}},"_links":{"self":[{"href":"https:\/\/andaluzae.com\/fr\/wp-json\/wp\/v2\/pages\/638","targetHints":{"allow":["GET"]}}],"collection":[{"href":"https:\/\/andaluzae.com\/fr\/wp-json\/wp\/v2\/pages"}],"about":[{"href":"https:\/\/andaluzae.com\/fr\/wp-json\/wp\/v2\/types\/page"}],"author":[{"embeddable":true,"href":"https:\/\/andaluzae.com\/fr\/wp-json\/wp\/v2\/users\/2"}],"replies":[{"embeddable":true,"href":"https:\/\/andaluzae.com\/fr\/wp-json\/wp\/v2\/comments?post=638"}],"version-history":[{"count":6,"href":"https:\/\/andaluzae.com\/fr\/wp-json\/wp\/v2\/pages\/638\/revisions"}],"predecessor-version":[{"id":756,"href":"https:\/\/andaluzae.com\/fr\/wp-json\/wp\/v2\/pages\/638\/revisions\/756"}],"wp:attachment":[{"href":"https:\/\/andaluzae.com\/fr\/wp-json\/wp\/v2\/media?parent=638"}],"curies":[{"name":"wp","href":"https:\/\/api.w.org\/{rel}","templated":true}]}}