{"id":629,"date":"2023-01-18T18:39:59","date_gmt":"2023-01-18T17:39:59","guid":{"rendered":"https:\/\/andaluzae.com\/quienes-somos\/"},"modified":"2025-01-23T09:56:32","modified_gmt":"2025-01-23T08:56:32","slug":"qui-sommes-nous","status":"publish","type":"page","link":"https:\/\/andaluzae.com\/fr\/qui-sommes-nous\/","title":{"rendered":"QUI SOMMES NOUS ?"},"content":{"rendered":"<div id='quienes'  class='avia-section av-xecvw-bd19f66615000161088664bf69393ae0 main_color avia-section-default avia-no-border-styling  avia-builder-el-0  el_before_av_section  avia-builder-el-first  avia-bg-style-scroll container_wrap fullsize'  ><div class='container av-section-cont-open' ><main  role=\"main\" itemprop=\"mainContentOfPage\"  class='template-page content  av-content-full alpha units'><div class='post-entry post-entry-type-page post-entry-629'><div class='entry-content-wrapper clearfix'>\n\n<style type=\"text\/css\" data-created_by=\"avia_inline_auto\" id=\"style-css-av-a7mklw-5aff0e25d7fbad95c868cb58601f3a4a\">\n#top .av-special-heading.av-a7mklw-5aff0e25d7fbad95c868cb58601f3a4a{\npadding-bottom:0;\ncolor:#00346c;\nfont-size:36px;\n}\nbody .av-special-heading.av-a7mklw-5aff0e25d7fbad95c868cb58601f3a4a .av-special-heading-tag .heading-char{\nfont-size:25px;\n}\n#top #wrap_all .av-special-heading.av-a7mklw-5aff0e25d7fbad95c868cb58601f3a4a .av-special-heading-tag{\nfont-size:36px;\n}\n.av-special-heading.av-a7mklw-5aff0e25d7fbad95c868cb58601f3a4a .special-heading-inner-border{\nborder-color:#00346c;\n}\n.av-special-heading.av-a7mklw-5aff0e25d7fbad95c868cb58601f3a4a .av-subheading{\nfont-size:15px;\n}\n\n@media only screen and (min-width: 480px) and (max-width: 767px){ \n#top #wrap_all .av-special-heading.av-a7mklw-5aff0e25d7fbad95c868cb58601f3a4a .av-special-heading-tag{\nfont-size:0.8em;\n}\n}\n\n@media only screen and (max-width: 479px){ \n#top #wrap_all .av-special-heading.av-a7mklw-5aff0e25d7fbad95c868cb58601f3a4a .av-special-heading-tag{\nfont-size:0.8em;\n}\n}\n<\/style>\n<div  class='av-special-heading av-a7mklw-5aff0e25d7fbad95c868cb58601f3a4a av-special-heading-h1 custom-color-heading blockquote modern-quote  avia-builder-el-1  el_before_av_hr  avia-builder-el-first  av-inherit-size'><h1 class='av-special-heading-tag'  itemprop=\"headline\"  >QUI SOMMES NOUS ?<\/h1><div class=\"special-heading-border\"><div class=\"special-heading-inner-border\"><\/div><\/div><\/div>\n\n<style type=\"text\/css\" data-created_by=\"avia_inline_auto\" id=\"style-css-av-10di50-953c9bb681f70845a3264efba5c78860\">\n#top .hr.hr-invisible.av-10di50-953c9bb681f70845a3264efba5c78860{\nheight:30px;\n}\n<\/style>\n<div  class='hr av-10di50-953c9bb681f70845a3264efba5c78860 hr-invisible  avia-builder-el-2  el_after_av_heading  el_before_av_textblock '><span class='hr-inner '><span class=\"hr-inner-style\"><\/span><\/span><\/div>\n\n<style type=\"text\/css\" data-created_by=\"avia_inline_auto\" id=\"style-css-av-9vs2fw-99faddc5cda4f9485e4bc889ea38815b\">\n#top .av_textblock_section.av-9vs2fw-99faddc5cda4f9485e4bc889ea38815b .avia_textblock{\nfont-size:20px;\ntext-align:justify;\n}\n<\/style>\n<section  class='av_textblock_section av-9vs2fw-99faddc5cda4f9485e4bc889ea38815b'  itemscope=\"itemscope\" itemtype=\"https:\/\/schema.org\/CreativeWork\" ><div class='avia_textblock av_inherit_color'  itemprop=\"text\" ><p>Notre d\u00e9partement technique de conseillers en \u00e9nergie est sp\u00e9cialis\u00e9 dans les <strong>\u00e9conomies d&rsquo;\u00e9nergie<\/strong> et <strong>l&rsquo;efficacit\u00e9 \u00e9nerg\u00e9tique,<\/strong> offrant \u00e0 nos clients toute son exp\u00e9rience avec des solutions globales. <strong>Anda Luz,<\/strong> nous sommes une \u00e9quipe de professionnels sp\u00e9cialis\u00e9s depuis 2010 dans les <strong>conseils \u00e9nerg\u00e9tiques, les \u00e9nergies renouvelables et l&rsquo;efficacit\u00e9 \u00e9nerg\u00e9tique <\/strong>, fournissant \u00e0 nos clients avec toute notre exp\u00e9rience, des solutions globales, soit par <strong>l&rsquo;\u00e9tude et l&rsquo;analyse de leur facture d&rsquo;\u00e9lectricit\u00e9<\/strong>, soit par la conception et l&rsquo;installation d&rsquo;\u00e9l\u00e9ments qui g\u00e8rent et rendent leurs installations plus efficaces, ainsi que la mise en \u0153uvre <strong>d&rsquo;\u00e9nergies renouvelables.<\/strong><\/p>\n<p>Nous offrons \u00e0 nos clients les solutions les plus avanc\u00e9es technologiquement, en nous adaptant \u00e0 leurs besoins et en assurant la garantie de l&rsquo;approvisionnement \u00e9nerg\u00e9tique et la r\u00e9duction des co\u00fbts, ann\u00e9e apr\u00e8s ann\u00e9e.<\/p>\n<p>Nous travaillons \u00e0 l&rsquo;\u00e9chelle nationale, offrant \u00e0 nos clients <strong>un service personnalis\u00e9 et les meilleurs tarifs.<\/strong><\/p>\n<\/div><\/section>\n<\/div><\/div><\/main><!-- close content main element --><\/div><\/div><div id='av_section_2'  class='avia-section av-yyspo-db5b680a295d930ccb8d5977de54729c main_color avia-section-default avia-no-border-styling  avia-builder-el-4  el_after_av_section  el_before_av_section  avia-bg-style-scroll container_wrap fullsize'  ><div class='container av-section-cont-open' ><div class='template-page content  av-content-full alpha units'><div class='post-entry post-entry-type-page post-entry-629'><div class='entry-content-wrapper clearfix'>\n<div class='flex_column av-tqhe4-7620c025151ae65e0aa56308b69922ea av_one_third  avia-builder-el-5  el_before_av_two_third  avia-builder-el-first  first flex_column_div '     ><p>\n<style type=\"text\/css\" data-created_by=\"avia_inline_auto\" id=\"style-css-av-lcyl106l-29900174d2bc066da859d68bb0986a1e\">\n#top .av-special-heading.av-lcyl106l-29900174d2bc066da859d68bb0986a1e{\npadding-bottom:0;\ncolor:#00346c;\n}\nbody .av-special-heading.av-lcyl106l-29900174d2bc066da859d68bb0986a1e .av-special-heading-tag .heading-char{\nfont-size:25px;\n}\n.av-special-heading.av-lcyl106l-29900174d2bc066da859d68bb0986a1e .special-heading-inner-border{\nborder-color:#00346c;\n}\n.av-special-heading.av-lcyl106l-29900174d2bc066da859d68bb0986a1e .av-subheading{\nfont-size:15px;\n}\n<\/style>\n<div  class='av-special-heading av-lcyl106l-29900174d2bc066da859d68bb0986a1e av-special-heading-h2 custom-color-heading blockquote modern-quote  avia-builder-el-6  el_before_av_textblock  avia-builder-el-first '><h2 class='av-special-heading-tag'  itemprop=\"headline\"  >OBJECTIF<\/h2><div class=\"special-heading-border\"><div class=\"special-heading-inner-border\"><\/div><\/div><\/div><br \/>\n\n<style type=\"text\/css\" data-created_by=\"avia_inline_auto\" id=\"style-css-av-lcyl1s6t-ecf6bbd7f0e00760bf295798b0f884a5\">\n#top .av_textblock_section.av-lcyl1s6t-ecf6bbd7f0e00760bf295798b0f884a5 .avia_textblock{\nfont-size:20px;\ntext-align:justify;\n}\n<\/style>\n<section  class='av_textblock_section av-lcyl1s6t-ecf6bbd7f0e00760bf295798b0f884a5'  itemscope=\"itemscope\" itemtype=\"https:\/\/schema.org\/CreativeWork\" ><div class='avia_textblock av_inherit_color'  itemprop=\"text\" ><p>Chez Anda Luz, notre objectif est de fournir \u00e0 nos clients l&rsquo;utilisation de nouvelles technologies pour optimiser les ressources \u00e9nerg\u00e9tiques mais aussi d\u2019allier confort et \u00e9conomies dans les t\u00e2ches d&rsquo;entretien des logements, des b\u00e2timents et des industries.<\/p>\n<\/div><\/section><\/p><\/div>\n<style type=\"text\/css\" data-created_by=\"avia_inline_auto\" id=\"style-css-av-ld1za0rb-454bce4a926a5fb5eb55c05ca4e2d9a7\">\n.flex_column.av-ld1za0rb-454bce4a926a5fb5eb55c05ca4e2d9a7{\nbackground:url(https:\/\/andaluzae.com\/wp-content\/uploads\/2023\/01\/objetivo-845x684.jpeg) 0% 0% no-repeat scroll ;\n}\n<\/style>\n<div class='flex_column av-ld1za0rb-454bce4a926a5fb5eb55c05ca4e2d9a7 av_two_third  avia-builder-el-8  el_after_av_one_third  avia-builder-el-last  flex_column_div avia-full-stretch '     ><style type=\"text\/css\" data-created_by=\"avia_inline_auto\" id=\"style-css-av-ld1zamn2-a786ac51674278ba6e1ba1684fd70109\">\n#top .hr.hr-invisible.av-ld1zamn2-a786ac51674278ba6e1ba1684fd70109{\nheight:500px;\n}\n<\/style>\n<div  class='hr av-ld1zamn2-a786ac51674278ba6e1ba1684fd70109 hr-invisible  avia-builder-el-9  avia-builder-el-no-sibling '><span class='hr-inner '><span class=\"hr-inner-style\"><\/span><\/span><\/div><\/div><\/div><\/div><\/div><!-- close content main div --><\/div><\/div><div id='av_section_3'  class='avia-section av-l59g4-7a2953ed6eb29af5c2a3149ea8510b2f main_color avia-section-default avia-no-border-styling  avia-builder-el-10  el_after_av_section  el_before_av_section  avia-bg-style-scroll container_wrap fullsize'  ><div class='container av-section-cont-open' ><div class='template-page content  av-content-full alpha units'><div class='post-entry post-entry-type-page post-entry-629'><div class='entry-content-wrapper clearfix'>\n\n<style type=\"text\/css\" data-created_by=\"avia_inline_auto\" id=\"style-css-av-ld1zbnog-0150e845a266f7e073d8f02b79bcecaf\">\n.flex_column.av-ld1zbnog-0150e845a266f7e073d8f02b79bcecaf{\nbackground:url(https:\/\/andaluzae.com\/wp-content\/uploads\/2023\/01\/soluciones-845x684.jpeg) 0% 0% no-repeat scroll ;\n}\n<\/style>\n<div class='flex_column av-ld1zbnog-0150e845a266f7e073d8f02b79bcecaf av_two_third  avia-builder-el-11  el_before_av_one_third  avia-builder-el-first  first flex_column_div avia-full-stretch '     ><style type=\"text\/css\" data-created_by=\"avia_inline_auto\" id=\"style-css-av-eh4dw-172952fcaa9a3b1c3cab03eeae6af357\">\n#top .hr.hr-invisible.av-eh4dw-172952fcaa9a3b1c3cab03eeae6af357{\nheight:500px;\n}\n<\/style>\n<div  class='hr av-eh4dw-172952fcaa9a3b1c3cab03eeae6af357 hr-invisible  avia-builder-el-12  avia-builder-el-no-sibling '><span class='hr-inner '><span class=\"hr-inner-style\"><\/span><\/span><\/div><\/div><div class='flex_column av-aghlg-aa1af1ff769f42db8a5cb300b90351cf av_one_third  avia-builder-el-13  el_after_av_two_third  avia-builder-el-last  flex_column_div '     ><p>\n<style type=\"text\/css\" data-created_by=\"avia_inline_auto\" id=\"style-css-av-lcyl18vc-c687988a461bdd4023ff3b7795f40268\">\n#top .av-special-heading.av-lcyl18vc-c687988a461bdd4023ff3b7795f40268{\npadding-bottom:0;\ncolor:#00346c;\n}\nbody .av-special-heading.av-lcyl18vc-c687988a461bdd4023ff3b7795f40268 .av-special-heading-tag .heading-char{\nfont-size:25px;\n}\n.av-special-heading.av-lcyl18vc-c687988a461bdd4023ff3b7795f40268 .special-heading-inner-border{\nborder-color:#00346c;\n}\n.av-special-heading.av-lcyl18vc-c687988a461bdd4023ff3b7795f40268 .av-subheading{\nfont-size:15px;\n}\n<\/style>\n<div  class='av-special-heading av-lcyl18vc-c687988a461bdd4023ff3b7795f40268 av-special-heading-h2 custom-color-heading blockquote modern-quote  avia-builder-el-14  el_before_av_textblock  avia-builder-el-first '><h2 class='av-special-heading-tag'  itemprop=\"headline\"  >SOLUTIONS<\/h2><div class=\"special-heading-border\"><div class=\"special-heading-inner-border\"><\/div><\/div><\/div><br \/>\n\n<style type=\"text\/css\" data-created_by=\"avia_inline_auto\" id=\"style-css-av-lcyl1z41-7aa5fd25fc0c8b279fea0a033f4237a1\">\n#top .av_textblock_section.av-lcyl1z41-7aa5fd25fc0c8b279fea0a033f4237a1 .avia_textblock{\nfont-size:20px;\ntext-align:justify;\n}\n<\/style>\n<section  class='av_textblock_section av-lcyl1z41-7aa5fd25fc0c8b279fea0a033f4237a1'  itemscope=\"itemscope\" itemtype=\"https:\/\/schema.org\/CreativeWork\" ><div class='avia_textblock av_inherit_color'  itemprop=\"text\" ><p>Chez Anda Luz, nous effectuons l&rsquo;analyse \u00e9nerg\u00e9tique de la propri\u00e9t\u00e9 afin de proposer des solutions d&rsquo;entretien durable pour rendre le b\u00e2timent plus efficace, en tirant parti de l&rsquo;utilisation des \u00e9nergies renouvelables, permettant de favoriser le respect de l&rsquo;environnement et de r\u00e9duire les \u00e9missions de CO2 , contribuant ainsi \u00e0 la rationalisation des ressources, visant des \u00e9conomies consid\u00e9rables sur votre facture.<\/p>\n<\/div><\/section><\/p><\/div><\/div><\/div><\/div><!-- close content main div --><\/div><\/div><div id='av_section_4'  class='avia-section av-kyqvo-95d4f405d5f49d1777a8d105eccfb01d main_color avia-section-default avia-no-border-styling  avia-builder-el-16  el_after_av_section  el_before_av_textblock  avia-bg-style-scroll container_wrap fullsize'  ><div class='container av-section-cont-open' ><div class='template-page content  av-content-full alpha units'><div class='post-entry post-entry-type-page post-entry-629'><div class='entry-content-wrapper clearfix'>\n<div class='flex_column av-g55ng-12bd5ae21f19cf17180e2706da6c9ccd av_one_third  avia-builder-el-17  el_before_av_two_third  avia-builder-el-first  first flex_column_div '     ><p>\n<style type=\"text\/css\" data-created_by=\"avia_inline_auto\" id=\"style-css-av-lcyl1jlp-c3d9bad54a3a8ee2f2cf03e8e2f81f95\">\n#top .av-special-heading.av-lcyl1jlp-c3d9bad54a3a8ee2f2cf03e8e2f81f95{\npadding-bottom:0;\ncolor:#00346c;\n}\nbody .av-special-heading.av-lcyl1jlp-c3d9bad54a3a8ee2f2cf03e8e2f81f95 .av-special-heading-tag .heading-char{\nfont-size:25px;\n}\n.av-special-heading.av-lcyl1jlp-c3d9bad54a3a8ee2f2cf03e8e2f81f95 .special-heading-inner-border{\nborder-color:#00346c;\n}\n.av-special-heading.av-lcyl1jlp-c3d9bad54a3a8ee2f2cf03e8e2f81f95 .av-subheading{\nfont-size:15px;\n}\n<\/style>\n<div  class='av-special-heading av-lcyl1jlp-c3d9bad54a3a8ee2f2cf03e8e2f81f95 av-special-heading-h2 custom-color-heading blockquote modern-quote  avia-builder-el-18  el_before_av_textblock  avia-builder-el-first '><h2 class='av-special-heading-tag'  itemprop=\"headline\"  >COMMENT TRAVAILLONS-NOUS ?<\/h2><div class=\"special-heading-border\"><div class=\"special-heading-inner-border\"><\/div><\/div><\/div><br \/>\n\n<style type=\"text\/css\" data-created_by=\"avia_inline_auto\" id=\"style-css-av-lcyl26nc-0dec738ad12713ebf5815523b728f752\">\n#top .av_textblock_section.av-lcyl26nc-0dec738ad12713ebf5815523b728f752 .avia_textblock{\nfont-size:20px;\ntext-align:justify;\n}\n<\/style>\n<section  class='av_textblock_section av-lcyl26nc-0dec738ad12713ebf5815523b728f752'  itemscope=\"itemscope\" itemtype=\"https:\/\/schema.org\/CreativeWork\" ><div class='avia_textblock av_inherit_color'  itemprop=\"text\" ><p>Nous vous aidons \u00e0 g\u00e9rer et r\u00e9duire le montant de vos factures en am\u00e9liorant vos contrats, d\u2019ann\u00e9e en ann\u00e9e.<\/p>\n<p>Notre service est enti\u00e8rement <strong>GRATUIT et PERSONNALIS\u00c9.<\/strong> Nos \u00e9tudes garantissent la meilleure offre ELECTRICIT\u00c9 et GAZ, adapt\u00e9e \u00e0 votre profil de consommation et aux caract\u00e9ristiques particuli\u00e8res de votre installation.<\/p>\n<\/div><\/section><\/p><\/div>\n<style type=\"text\/css\" data-created_by=\"avia_inline_auto\" id=\"style-css-av-ld1zdkw1-418ff4918517aba05d0cac24be34fc3a\">\n.flex_column.av-ld1zdkw1-418ff4918517aba05d0cac24be34fc3a{\nbackground:url(https:\/\/andaluzae.com\/wp-content\/uploads\/2023\/01\/como-trabajamos-845x684.jpeg) 0% 0% no-repeat scroll ;\n}\n<\/style>\n<div class='flex_column av-ld1zdkw1-418ff4918517aba05d0cac24be34fc3a av_two_third  avia-builder-el-20  el_after_av_one_third  avia-builder-el-last  flex_column_div avia-full-stretch '     ><style type=\"text\/css\" data-created_by=\"avia_inline_auto\" id=\"style-css-av-7d53w-4cc1ed17e62879252b12356f22adcd81\">\n#top .hr.hr-invisible.av-7d53w-4cc1ed17e62879252b12356f22adcd81{\nheight:500px;\n}\n<\/style>\n<div  class='hr av-7d53w-4cc1ed17e62879252b12356f22adcd81 hr-invisible  avia-builder-el-21  avia-builder-el-no-sibling '><span class='hr-inner '><span class=\"hr-inner-style\"><\/span><\/span><\/div><\/div><\/div><\/div><\/div><!-- close content main div --><\/div><\/div><div id='after_section_4'  class='main_color av_default_container_wrap container_wrap fullsize'  ><div class='container av-section-cont-open' ><div class='template-page content  av-content-full alpha units'><div class='post-entry post-entry-type-page post-entry-629'><div class='entry-content-wrapper clearfix'>\n<style type=\"text\/css\" data-created_by=\"avia_inline_auto\" id=\"style-css-av-lcylvx9y-c0ca238227ecd8acd94f2f4df18f1c94\">\n#top .av_textblock_section.av-lcylvx9y-c0ca238227ecd8acd94f2f4df18f1c94 .avia_textblock{\nfont-size:20px;\ntext-align:center;\n}\n<\/style>\n<section  class='av_textblock_section av-lcylvx9y-c0ca238227ecd8acd94f2f4df18f1c94'  itemscope=\"itemscope\" itemtype=\"https:\/\/schema.org\/CreativeWork\" ><div class='avia_textblock av_inherit_color'  itemprop=\"text\" ><p>Nous travaillons avec les 20 principales entreprises du march\u00e9, comparant exclusivement les prix de l&rsquo;\u00e9nergie, nous vous proposons donc le tarif qui vous convient le mieux, afin que vous obteniez un maximum d&rsquo;\u00e9conomies sans surprises ni services ajout\u00e9s. De plus, nous nous engageons \u00e0 suivre votre contrat, chaque ann\u00e9e, pour assurer vos \u00e9conomies et vous garantir les meilleures offres possibles.<\/p>\n<\/div><\/section><\/p>\n<\/div><\/div><\/div><!-- close content main div --><\/div><\/div><div id='av_section_5'  class='avia-section av-12st7h-1774bb4b62ec442846d9dfcb434d14e8 main_color avia-section-default avia-no-border-styling  avia-builder-el-23  el_after_av_textblock  avia-builder-el-last  avia-bg-style-scroll container_wrap fullsize'  ><div class='container av-section-cont-open' ><div class='template-page content  av-content-full alpha units'><div class='post-entry post-entry-type-page post-entry-629'><div class='entry-content-wrapper clearfix'>\n<div  class='avia-logo-element-container av-z0oqt-77c5fdf1c714af6c198174cfdb6381ca av-border-deactivate avia-logo-slider avia-content-slider avia-smallarrow-slider avia-content-slider-active noHover avia-content-slider-odd  avia-builder-el-24  avia-builder-el-no-sibling  av-slideshow-ui av-control-hidden av-nav-arrows-visible av-nav-dots-visible av-no-slider-navigation av-hide-nav-arrows av-slideshow-autoplay av-loop-endless av-loop-manual-endless avia-content-slider1' data-slideshow-options=\"{&quot;animation&quot;:&quot;fade&quot;,&quot;autoplay&quot;:true,&quot;loop_autoplay&quot;:&quot;endless&quot;,&quot;interval&quot;:5,&quot;loop_manual&quot;:&quot;manual-endless&quot;,&quot;autoplay_stopper&quot;:false,&quot;noNavigation&quot;:true,&quot;bg_slider&quot;:false,&quot;keep_padding&quot;:&quot;&quot;,&quot;hoverpause&quot;:false,&quot;show_slide_delay&quot;:0}\"><div class='avia-smallarrow-slider-heading  no-logo-slider-heading '><\/div><div class=\"avia-content-slider-inner\"><div class=\"slide-entry-wrap\"><div  class='slide-entry av-oswrx-688fb45dc0fc841e78f60819e0280291 flex_column no_margin av_one_fifth real-thumbnail post-entry slide-entry-overview slide-loop-1 slide-parity-odd  first'><a href=\"https:\/\/effortlessliving.es\/\" data-rel='slide-1' class='slide-image' title='' target=\"_blank\" rel=\"noopener noreferrer\"><span class='av-partner-fake-img' style='padding-bottom:55.555555555556%; background-image:url(https:\/\/andaluzae.com\/wp-content\/uploads\/2023\/01\/effortless_logo_450_color.png);'><\/span><\/a><\/div><div  class='slide-entry av-iqkfp-c43dd41af634e314d64557fe696ffffa flex_column no_margin av_one_fifth real-thumbnail post-entry slide-entry-overview slide-loop-2 slide-parity-even  '><a href=\"https:\/\/www.musisol.com\/\" data-rel='slide-1' class='slide-image' title='' target=\"_blank\" rel=\"noopener noreferrer\"><span class='av-partner-fake-img' style='padding-bottom:55.555555555556%; background-image:url(https:\/\/andaluzae.com\/wp-content\/uploads\/2023\/01\/musisol_logo_450_color.png);'><\/span><\/a><\/div><div  class='slide-entry av-dhwrp-11a333be69f1a3ff4989314179d6232f flex_column no_margin av_one_fifth real-thumbnail post-entry slide-entry-overview slide-loop-3 slide-parity-odd  '><a href=\"https:\/\/fitbikeestepona.com\/\" data-rel='slide-1' class='slide-image' title='' target=\"_blank\" rel=\"noopener noreferrer\"><span class='av-partner-fake-img' style='padding-bottom:55.555555555556%; background-image:url(https:\/\/andaluzae.com\/wp-content\/uploads\/2023\/07\/Imagen-de-WhatsApp-2023-07-21-a-las-08.58.24.jpg);'><\/span><\/a><\/div><div  class='slide-entry av-bgs1x-574ccaab462bce32bf217c33ca111734 flex_column no_margin av_one_fifth real-thumbnail post-entry slide-entry-overview slide-loop-4 slide-parity-even  '><a href=\"http:\/\/vrcostadelsol.com\/\" data-rel='slide-1' class='slide-image' title='' target=\"_blank\" rel=\"noopener noreferrer\"><span class='av-partner-fake-img' style='padding-bottom:55.555555555556%; background-image:url(https:\/\/andaluzae.com\/wp-content\/uploads\/2023\/07\/LOGO.jpeg);'><\/span><\/a><\/div><div  class='slide-entry av-lyzqgk96-68fe7fce5d37af719f6a59894107f5a7 flex_column no_margin av_one_fifth real-thumbnail post-entry slide-entry-overview slide-loop-5 slide-parity-odd post-entry-last '><a href=\"http:\/\/www.duranabogados.org\/\" data-rel='slide-1' class='slide-image' title='' target=\"_blank\" rel=\"noopener noreferrer\"><span class='av-partner-fake-img' style='padding-bottom:55.555555555556%; background-image:url(https:\/\/andaluzae.com\/wp-content\/uploads\/2024\/07\/DURAN-265x147-1.gif);'><\/span><\/a><\/div><\/div><\/div><\/div>\n\n","protected":false},"excerpt":{"rendered":"","protected":false},"author":2,"featured_media":0,"parent":0,"menu_order":0,"comment_status":"closed","ping_status":"closed","template":"","meta":{"_joinchat":[],"footnotes":""},"class_list":["post-629","page","type-page","status-publish","hentry"],"yoast_head":"<!-- This site is optimized with the Yoast SEO plugin v27.4 - https:\/\/yoast.com\/product\/yoast-seo-wordpress\/ -->\n<title>QUI SOMMES NOUS ? - ANDALUZ<\/title>\n<meta name=\"robots\" content=\"index, follow, max-snippet:-1, max-image-preview:large, max-video-preview:-1\" \/>\n<link rel=\"canonical\" href=\"https:\/\/andaluzae.com\/fr\/qui-sommes-nous\/\" \/>\n<meta property=\"og:locale\" content=\"fr_FR\" \/>\n<meta property=\"og:type\" content=\"article\" \/>\n<meta property=\"og:title\" content=\"QUI SOMMES NOUS ? - ANDALUZ\" \/>\n<meta property=\"og:url\" content=\"https:\/\/andaluzae.com\/fr\/qui-sommes-nous\/\" \/>\n<meta property=\"og:site_name\" content=\"ANDALUZ\" \/>\n<meta property=\"article:modified_time\" content=\"2025-01-23T08:56:32+00:00\" \/>\n<meta name=\"twitter:card\" content=\"summary_large_image\" \/>\n<meta name=\"twitter:label1\" content=\"Dur\u00e9e de lecture estim\u00e9e\" \/>\n\t<meta name=\"twitter:data1\" content=\"28 minutes\" \/>\n<script type=\"application\/ld+json\" class=\"yoast-schema-graph\">{\"@context\":\"https:\\\/\\\/schema.org\",\"@graph\":[{\"@type\":\"WebPage\",\"@id\":\"https:\\\/\\\/andaluzae.com\\\/fr\\\/qui-sommes-nous\\\/\",\"url\":\"https:\\\/\\\/andaluzae.com\\\/fr\\\/qui-sommes-nous\\\/\",\"name\":\"QUI SOMMES NOUS ? - ANDALUZ\",\"isPartOf\":{\"@id\":\"https:\\\/\\\/andaluzae.com\\\/fr\\\/#website\"},\"datePublished\":\"2023-01-18T17:39:59+00:00\",\"dateModified\":\"2025-01-23T08:56:32+00:00\",\"breadcrumb\":{\"@id\":\"https:\\\/\\\/andaluzae.com\\\/fr\\\/qui-sommes-nous\\\/#breadcrumb\"},\"inLanguage\":\"fr-FR\",\"potentialAction\":[{\"@type\":\"ReadAction\",\"target\":[\"https:\\\/\\\/andaluzae.com\\\/fr\\\/qui-sommes-nous\\\/\"]}]},{\"@type\":\"BreadcrumbList\",\"@id\":\"https:\\\/\\\/andaluzae.com\\\/fr\\\/qui-sommes-nous\\\/#breadcrumb\",\"itemListElement\":[{\"@type\":\"ListItem\",\"position\":1,\"name\":\"Portada\",\"item\":\"https:\\\/\\\/andaluzae.com\\\/fr\\\/\"},{\"@type\":\"ListItem\",\"position\":2,\"name\":\"QUI SOMMES NOUS ?\"}]},{\"@type\":\"WebSite\",\"@id\":\"https:\\\/\\\/andaluzae.com\\\/fr\\\/#website\",\"url\":\"https:\\\/\\\/andaluzae.com\\\/fr\\\/\",\"name\":\"ANDALUZ\",\"description\":\"ASESORIA ENERGETICA\",\"potentialAction\":[{\"@type\":\"SearchAction\",\"target\":{\"@type\":\"EntryPoint\",\"urlTemplate\":\"https:\\\/\\\/andaluzae.com\\\/fr\\\/?s={search_term_string}\"},\"query-input\":{\"@type\":\"PropertyValueSpecification\",\"valueRequired\":true,\"valueName\":\"search_term_string\"}}],\"inLanguage\":\"fr-FR\"}]}<\/script>\n<!-- \/ Yoast SEO plugin. -->","yoast_head_json":{"title":"QUI SOMMES NOUS ? - ANDALUZ","robots":{"index":"index","follow":"follow","max-snippet":"max-snippet:-1","max-image-preview":"max-image-preview:large","max-video-preview":"max-video-preview:-1"},"canonical":"https:\/\/andaluzae.com\/fr\/qui-sommes-nous\/","og_locale":"fr_FR","og_type":"article","og_title":"QUI SOMMES NOUS ? - ANDALUZ","og_url":"https:\/\/andaluzae.com\/fr\/qui-sommes-nous\/","og_site_name":"ANDALUZ","article_modified_time":"2025-01-23T08:56:32+00:00","twitter_card":"summary_large_image","twitter_misc":{"Dur\u00e9e de lecture estim\u00e9e":"28 minutes"},"schema":{"@context":"https:\/\/schema.org","@graph":[{"@type":"WebPage","@id":"https:\/\/andaluzae.com\/fr\/qui-sommes-nous\/","url":"https:\/\/andaluzae.com\/fr\/qui-sommes-nous\/","name":"QUI SOMMES NOUS ? - ANDALUZ","isPartOf":{"@id":"https:\/\/andaluzae.com\/fr\/#website"},"datePublished":"2023-01-18T17:39:59+00:00","dateModified":"2025-01-23T08:56:32+00:00","breadcrumb":{"@id":"https:\/\/andaluzae.com\/fr\/qui-sommes-nous\/#breadcrumb"},"inLanguage":"fr-FR","potentialAction":[{"@type":"ReadAction","target":["https:\/\/andaluzae.com\/fr\/qui-sommes-nous\/"]}]},{"@type":"BreadcrumbList","@id":"https:\/\/andaluzae.com\/fr\/qui-sommes-nous\/#breadcrumb","itemListElement":[{"@type":"ListItem","position":1,"name":"Portada","item":"https:\/\/andaluzae.com\/fr\/"},{"@type":"ListItem","position":2,"name":"QUI SOMMES NOUS ?"}]},{"@type":"WebSite","@id":"https:\/\/andaluzae.com\/fr\/#website","url":"https:\/\/andaluzae.com\/fr\/","name":"ANDALUZ","description":"ASESORIA ENERGETICA","potentialAction":[{"@type":"SearchAction","target":{"@type":"EntryPoint","urlTemplate":"https:\/\/andaluzae.com\/fr\/?s={search_term_string}"},"query-input":{"@type":"PropertyValueSpecification","valueRequired":true,"valueName":"search_term_string"}}],"inLanguage":"fr-FR"}]}},"_links":{"self":[{"href":"https:\/\/andaluzae.com\/fr\/wp-json\/wp\/v2\/pages\/629","targetHints":{"allow":["GET"]}}],"collection":[{"href":"https:\/\/andaluzae.com\/fr\/wp-json\/wp\/v2\/pages"}],"about":[{"href":"https:\/\/andaluzae.com\/fr\/wp-json\/wp\/v2\/types\/page"}],"author":[{"embeddable":true,"href":"https:\/\/andaluzae.com\/fr\/wp-json\/wp\/v2\/users\/2"}],"replies":[{"embeddable":true,"href":"https:\/\/andaluzae.com\/fr\/wp-json\/wp\/v2\/comments?post=629"}],"version-history":[{"count":5,"href":"https:\/\/andaluzae.com\/fr\/wp-json\/wp\/v2\/pages\/629\/revisions"}],"predecessor-version":[{"id":750,"href":"https:\/\/andaluzae.com\/fr\/wp-json\/wp\/v2\/pages\/629\/revisions\/750"}],"wp:attachment":[{"href":"https:\/\/andaluzae.com\/fr\/wp-json\/wp\/v2\/media?parent=629"}],"curies":[{"name":"wp","href":"https:\/\/api.w.org\/{rel}","templated":true}]}}