{"id":549,"date":"2017-09-21T16:48:27","date_gmt":"2017-09-21T14:48:27","guid":{"rendered":"https:\/\/andaluzae.com\/home\/"},"modified":"2025-01-23T11:08:04","modified_gmt":"2025-01-23T10:08:04","slug":"start","status":"publish","type":"page","link":"https:\/\/andaluzae.com\/en\/","title":{"rendered":"start"},"content":{"rendered":"\n<style type=\"text\/css\" data-created_by=\"avia_inline_auto\" id=\"style-css-av-lcyksmix-28ea7cd38439a738506654a10f1d5520\">\n.avia-section.av-lcyksmix-28ea7cd38439a738506654a10f1d5520{\nbackground-repeat:no-repeat;\nbackground-image:url(https:\/\/andaluzae.com\/wp-content\/uploads\/2023\/01\/imagen-principal-1500x1000.jpeg);\nbackground-position:100% 50%;\nbackground-attachment:scroll;\n}\n.avia-section.av-lcyksmix-28ea7cd38439a738506654a10f1d5520 .av-section-color-overlay{\nopacity:0.8;\nbackground-color:#0a1c4b;\n}\n<\/style>\n<div id='av_section_1'  class='avia-section av-lcyksmix-28ea7cd38439a738506654a10f1d5520 main_color avia-section-default avia-no-border-styling  avia-builder-el-0  avia-builder-el-no-sibling  avia-full-stretch avia-bg-style-scroll av-section-color-overlay-active av-minimum-height av-minimum-height-100  container_wrap fullsize'  data-section-bg-repeat='stretch' data-av_minimum_height_pc='100'><div class=\"av-section-color-overlay-wrap\"><div class=\"av-section-color-overlay\"><\/div><div class='container av-section-cont-open' ><main  role=\"main\" itemprop=\"mainContentOfPage\"  class='template-page content  av-content-full alpha units'><div class='post-entry post-entry-type-page post-entry-549'><div class='entry-content-wrapper clearfix'>\n\n<style type=\"text\/css\" data-created_by=\"avia_inline_auto\" id=\"style-css-av-lcykvuk1-1cadf94c181ce831d2bf08a5ba1a3a3c\">\n#top .av_textblock_section.av-lcykvuk1-1cadf94c181ce831d2bf08a5ba1a3a3c .avia_textblock{\ncolor:#ffffff;\ntext-align:left;\n}\n<\/style>\n<section  class='av_textblock_section av-lcykvuk1-1cadf94c181ce831d2bf08a5ba1a3a3c'  itemscope=\"itemscope\" itemtype=\"https:\/\/schema.org\/CreativeWork\" ><div class='avia_textblock av_inherit_color'  itemprop=\"text\" ><h1>Reduce your household energy bills by up to 40 %<\/h1>\n<\/div><\/section>\n<div  class='avia-button-wrap av-lcykvgpn-c46fa9f46ab6c157763c209a7c450a10-wrap avia-button-left  avia-builder-el-2  el_after_av_textblock  avia-builder-el-last '>\n<style type=\"text\/css\" data-created_by=\"avia_inline_auto\" id=\"style-css-av-lcykvgpn-c46fa9f46ab6c157763c209a7c450a10\">\n#top #wrap_all .avia-button.av-lcykvgpn-c46fa9f46ab6c157763c209a7c450a10{\nfont-size:18px;\n-webkit-transition:all 0.4s ease-in-out;\n-moz-transition:all 0.4s ease-in-out;\n-ms-transition:all 0.4s ease-in-out;\n-o-transition:all 0.4s ease-in-out;\ntransition:all 0.4s ease-in-out;\n}\n#top #wrap_all .avia-button.av-lcykvgpn-c46fa9f46ab6c157763c209a7c450a10:hover{\ncolor:white;\n-webkit-transition:all 0.4s ease-in-out;\n-moz-transition:all 0.4s ease-in-out;\n-ms-transition:all 0.4s ease-in-out;\n-o-transition:all 0.4s ease-in-out;\ntransition:all 0.4s ease-in-out;\n}\n<\/style>\n<a href='https:\/\/andaluzae.com\/quienes-somos\/'  class='avia-button av-lcykvgpn-c46fa9f46ab6c157763c209a7c450a10 avia-icon_select-no avia-size-x-large avia-position-left avia-color-light avia-font-color-theme-color'  ><span class='avia_iconbox_title' >+ INFO<\/span><span class='avia_button_background avia-button avia-color-light' ><\/span><\/a><\/div>\n\n","protected":false},"excerpt":{"rendered":"","protected":false},"author":2,"featured_media":0,"parent":0,"menu_order":0,"comment_status":"closed","ping_status":"closed","template":"","meta":{"_joinchat":[],"footnotes":""},"class_list":["post-549","page","type-page","status-publish","hentry"],"yoast_head":"<!-- This site is optimized with the Yoast SEO plugin v27.4 - https:\/\/yoast.com\/product\/yoast-seo-wordpress\/ -->\n<title>Grupo Andaluz- asesor\u00eda energ\u00e9tica<\/title>\n<meta name=\"description\" content=\"En nuestra asesor\u00eda energ\u00e9tica Grupo Andaluz ayudamos a reducir tu tarifa hasta un 40% del importe actual que est\u00e9s pagando\" \/>\n<meta name=\"robots\" content=\"index, follow, max-snippet:-1, max-image-preview:large, max-video-preview:-1\" \/>\n<link rel=\"canonical\" href=\"https:\/\/andaluzae.com\/en\/\" \/>\n<meta property=\"og:locale\" content=\"en_US\" \/>\n<meta property=\"og:type\" content=\"article\" \/>\n<meta property=\"og:title\" content=\"Grupo Andaluz- asesor\u00eda energ\u00e9tica\" \/>\n<meta property=\"og:description\" content=\"En nuestra asesor\u00eda energ\u00e9tica Grupo Andaluz ayudamos a reducir tu tarifa hasta un 40% del importe actual que est\u00e9s pagando\" \/>\n<meta property=\"og:url\" content=\"https:\/\/andaluzae.com\/en\/\" \/>\n<meta property=\"og:site_name\" content=\"ANDALUZ\" \/>\n<meta property=\"article:modified_time\" content=\"2025-01-23T10:08:04+00:00\" \/>\n<meta name=\"twitter:card\" content=\"summary_large_image\" \/>\n<meta name=\"twitter:label1\" content=\"Est. reading time\" \/>\n\t<meta name=\"twitter:data1\" content=\"1 minute\" \/>\n<script type=\"application\/ld+json\" class=\"yoast-schema-graph\">{\"@context\":\"https:\\\/\\\/schema.org\",\"@graph\":[{\"@type\":\"WebPage\",\"@id\":\"https:\\\/\\\/andaluzae.com\\\/en\\\/\",\"url\":\"https:\\\/\\\/andaluzae.com\\\/en\\\/\",\"name\":\"Grupo Andaluz- asesor\u00eda energ\u00e9tica\",\"isPartOf\":{\"@id\":\"https:\\\/\\\/andaluzae.com\\\/en\\\/#website\"},\"datePublished\":\"2017-09-21T14:48:27+00:00\",\"dateModified\":\"2025-01-23T10:08:04+00:00\",\"description\":\"En nuestra asesor\u00eda energ\u00e9tica Grupo Andaluz ayudamos a reducir tu tarifa hasta un 40% del importe actual que est\u00e9s pagando\",\"breadcrumb\":{\"@id\":\"https:\\\/\\\/andaluzae.com\\\/en\\\/#breadcrumb\"},\"inLanguage\":\"en-US\",\"potentialAction\":[{\"@type\":\"ReadAction\",\"target\":[\"https:\\\/\\\/andaluzae.com\\\/en\\\/\"]}]},{\"@type\":\"BreadcrumbList\",\"@id\":\"https:\\\/\\\/andaluzae.com\\\/en\\\/#breadcrumb\",\"itemListElement\":[{\"@type\":\"ListItem\",\"position\":1,\"name\":\"Portada\",\"item\":\"https:\\\/\\\/andaluzae.com\\\/en\\\/\"},{\"@type\":\"ListItem\",\"position\":2,\"name\":\"start\"}]},{\"@type\":\"WebSite\",\"@id\":\"https:\\\/\\\/andaluzae.com\\\/en\\\/#website\",\"url\":\"https:\\\/\\\/andaluzae.com\\\/en\\\/\",\"name\":\"ANDALUZ\",\"description\":\"ASESORIA ENERGETICA\",\"potentialAction\":[{\"@type\":\"SearchAction\",\"target\":{\"@type\":\"EntryPoint\",\"urlTemplate\":\"https:\\\/\\\/andaluzae.com\\\/en\\\/?s={search_term_string}\"},\"query-input\":{\"@type\":\"PropertyValueSpecification\",\"valueRequired\":true,\"valueName\":\"search_term_string\"}}],\"inLanguage\":\"en-US\"}]}<\/script>\n<!-- \/ Yoast SEO plugin. -->","yoast_head_json":{"title":"Grupo Andaluz- asesor\u00eda energ\u00e9tica","description":"En nuestra asesor\u00eda energ\u00e9tica Grupo Andaluz ayudamos a reducir tu tarifa hasta un 40% del importe actual que est\u00e9s pagando","robots":{"index":"index","follow":"follow","max-snippet":"max-snippet:-1","max-image-preview":"max-image-preview:large","max-video-preview":"max-video-preview:-1"},"canonical":"https:\/\/andaluzae.com\/en\/","og_locale":"en_US","og_type":"article","og_title":"Grupo Andaluz- asesor\u00eda energ\u00e9tica","og_description":"En nuestra asesor\u00eda energ\u00e9tica Grupo Andaluz ayudamos a reducir tu tarifa hasta un 40% del importe actual que est\u00e9s pagando","og_url":"https:\/\/andaluzae.com\/en\/","og_site_name":"ANDALUZ","article_modified_time":"2025-01-23T10:08:04+00:00","twitter_card":"summary_large_image","twitter_misc":{"Est. reading time":"1 minute"},"schema":{"@context":"https:\/\/schema.org","@graph":[{"@type":"WebPage","@id":"https:\/\/andaluzae.com\/en\/","url":"https:\/\/andaluzae.com\/en\/","name":"Grupo Andaluz- asesor\u00eda energ\u00e9tica","isPartOf":{"@id":"https:\/\/andaluzae.com\/en\/#website"},"datePublished":"2017-09-21T14:48:27+00:00","dateModified":"2025-01-23T10:08:04+00:00","description":"En nuestra asesor\u00eda energ\u00e9tica Grupo Andaluz ayudamos a reducir tu tarifa hasta un 40% del importe actual que est\u00e9s pagando","breadcrumb":{"@id":"https:\/\/andaluzae.com\/en\/#breadcrumb"},"inLanguage":"en-US","potentialAction":[{"@type":"ReadAction","target":["https:\/\/andaluzae.com\/en\/"]}]},{"@type":"BreadcrumbList","@id":"https:\/\/andaluzae.com\/en\/#breadcrumb","itemListElement":[{"@type":"ListItem","position":1,"name":"Portada","item":"https:\/\/andaluzae.com\/en\/"},{"@type":"ListItem","position":2,"name":"start"}]},{"@type":"WebSite","@id":"https:\/\/andaluzae.com\/en\/#website","url":"https:\/\/andaluzae.com\/en\/","name":"ANDALUZ","description":"ASESORIA ENERGETICA","potentialAction":[{"@type":"SearchAction","target":{"@type":"EntryPoint","urlTemplate":"https:\/\/andaluzae.com\/en\/?s={search_term_string}"},"query-input":{"@type":"PropertyValueSpecification","valueRequired":true,"valueName":"search_term_string"}}],"inLanguage":"en-US"}]}},"_links":{"self":[{"href":"https:\/\/andaluzae.com\/en\/wp-json\/wp\/v2\/pages\/549","targetHints":{"allow":["GET"]}}],"collection":[{"href":"https:\/\/andaluzae.com\/en\/wp-json\/wp\/v2\/pages"}],"about":[{"href":"https:\/\/andaluzae.com\/en\/wp-json\/wp\/v2\/types\/page"}],"author":[{"embeddable":true,"href":"https:\/\/andaluzae.com\/en\/wp-json\/wp\/v2\/users\/2"}],"replies":[{"embeddable":true,"href":"https:\/\/andaluzae.com\/en\/wp-json\/wp\/v2\/comments?post=549"}],"version-history":[{"count":2,"href":"https:\/\/andaluzae.com\/en\/wp-json\/wp\/v2\/pages\/549\/revisions"}],"predecessor-version":[{"id":574,"href":"https:\/\/andaluzae.com\/en\/wp-json\/wp\/v2\/pages\/549\/revisions\/574"}],"wp:attachment":[{"href":"https:\/\/andaluzae.com\/en\/wp-json\/wp\/v2\/media?parent=549"}],"curies":[{"name":"wp","href":"https:\/\/api.w.org\/{rel}","templated":true}]}}